{"id":12183,"date":"2024-12-08T22:26:35","date_gmt":"2024-12-08T22:26:35","guid":{"rendered":"https:\/\/pumakompresor.com.tr\/urunler\/dikey-hava-deposu\/"},"modified":"2024-12-15T18:52:34","modified_gmt":"2024-12-15T18:52:34","slug":"vertical-air-storage","status":"publish","type":"product","link":"https:\/\/pumakompresor.com.tr\/en\/products\/vertical-air-storage\/","title":{"rendered":"Vertical Air Storage"},"content":{"rendered":"<p><strong>Vertical Air Storage<\/strong><\/p>\n<p>Puma Compressor&#8217;s <strong>Vertical Air Tank<\/strong> combines reliability, efficiency and durability in the compressed air systems of businesses. Providing high performance with <strong>11 Bar working pressure<\/strong>, this product is especially designed for intensive industrial applications.<\/p>\n<p>Hava deposunun \u00f6ne \u00e7\u0131kan \u00f6zellikleri aras\u0131nda:<\/p>\n<ul>\n<li><strong>Large Tank Volume: <\/strong>Available in various capacities (500, 1,000, 2,000, 2,000, 3,000, 5,000 and 10,000 liters), these air tanks offer more compressed air storage.<\/li>\n<li><strong>Durable Design:<\/strong> Provides long-lasting protection against corrosion thanks to quality materials and specially painted surface.<\/li>\n<li><strong>Ease of Cleaning:<\/strong> Thanks to the cleaning lid, internal maintenance is quick and effortless.<\/li>\n<li><strong>Energy Efficiency:<\/strong> Stored air saves energy by reducing the frequency of compressor operation.<\/li>\n<\/ul>\n<p>The product offers maximum safety and increases the stability of your compressed air systems by complying with CE standards. Designed to meet the requirements of various industries, this air tank provides efficient and long-lasting use. Produced with the reliability of Puma Compressor, this product offers the perfect solution for uninterrupted operation in the production processes of businesses.<\/p>\n","protected":false},"excerpt":{"rendered":"<p style=\"text-align: justify;\">Puma Compressor&#8217;s <strong>Vertical Air Tank<\/strong> combines reliability, efficiency and durability in the compressed air systems of businesses. Providing high performance with <strong>11 Bar working pressure<\/strong>, this product is especially designed for intensive industrial applications.<\/p>\n","protected":false},"featured_media":11494,"comment_status":"open","ping_status":"closed","template":"","meta":[],"pwb-brand":[88],"product_brand":[],"product_cat":[187],"product_tag":[197,200,195],"class_list":{"0":"post-12183","1":"product","2":"type-product","3":"status-publish","4":"has-post-thumbnail","6":"pwb-brand-puma-kompresor","7":"product_cat-air-tanks","8":"product_tag-air-storage","9":"product_tag-air-tank","10":"product_tag-vertical-air-tank","12":"first","13":"instock","14":"shipping-taxable","15":"product-type-simple"},"brands":[{"id":88,"name":"Puma Kompres\u00f6r","slug":"puma-kompresor"}],"_links":{"self":[{"href":"https:\/\/pumakompresor.com.tr\/en\/wp-json\/wp\/v2\/product\/12183","targetHints":{"allow":["GET"]}}],"collection":[{"href":"https:\/\/pumakompresor.com.tr\/en\/wp-json\/wp\/v2\/product"}],"about":[{"href":"https:\/\/pumakompresor.com.tr\/en\/wp-json\/wp\/v2\/types\/product"}],"replies":[{"embeddable":true,"href":"https:\/\/pumakompresor.com.tr\/en\/wp-json\/wp\/v2\/comments?post=12183"}],"wp:featuredmedia":[{"embeddable":true,"href":"https:\/\/pumakompresor.com.tr\/en\/wp-json\/wp\/v2\/media\/11494"}],"wp:attachment":[{"href":"https:\/\/pumakompresor.com.tr\/en\/wp-json\/wp\/v2\/media?parent=12183"}],"wp:term":[{"taxonomy":"pwb-brand","embeddable":true,"href":"https:\/\/pumakompresor.com.tr\/en\/wp-json\/wp\/v2\/pwb-brand?post=12183"},{"taxonomy":"product_brand","embeddable":true,"href":"https:\/\/pumakompresor.com.tr\/en\/wp-json\/wp\/v2\/product_brand?post=12183"},{"taxonomy":"product_cat","embeddable":true,"href":"https:\/\/pumakompresor.com.tr\/en\/wp-json\/wp\/v2\/product_cat?post=12183"},{"taxonomy":"product_tag","embeddable":true,"href":"https:\/\/pumakompresor.com.tr\/en\/wp-json\/wp\/v2\/product_tag?post=12183"}],"curies":[{"name":"wp","href":"https:\/\/api.w.org\/{rel}","templated":true}]}}